{"id":78,"date":"2019-11-25T23:29:52","date_gmt":"2019-11-25T22:29:52","guid":{"rendered":"https:\/\/braunwein.de\/home\/"},"modified":"2026-01-03T14:28:51","modified_gmt":"2026-01-03T13:28:51","slug":"home","status":"publish","type":"page","link":"https:\/\/braunwein.de\/","title":{"rendered":"Weingut Karl Braun"},"content":{"rendered":"<div class=\"art-content-layout\">\n<div class=\"art-content-layout-row\">\n<div class=\"art-layout-cell layout-item-0\" style=\"width: 28%;\"><\/div>\n<div class=\"art-layout-cell layout-item-0\" style=\"width: 28%;\">\n<p><span style=\"color: #162521; font-family: 'Playfair Display'; font-size: 1.79em; font-weight: bold;\">Herzlich Willkommen!<\/span><\/p>\n<\/div>\n<\/div>\n<\/div>\n<div class=\"art-content-layout\">\n<div class=\"art-content-layout-row\">\n<div class=\"art-layout-cell layout-item-2\" style=\"width: 50%;\">\n<p><span style=\"font-weight: bold;\">Lust auf Genuss, auf Lebensfreude, Wohlgef\u00fchl und Gastlichkeit? &#8211; Dann sind Sie bei uns genau richtig!<\/span><\/p>\n<p>Genie\u00dfen Sie unsere Weine, denn Wein wird von Menschen f\u00fcr Menschen gemacht. Ohne Menschen, die ihn genie\u00dfen w\u00e4re er bedeutungslos.<\/p>\n<p>Weingut Karl Braun, Weinbergstra\u00dfe 42, 97334 Nordheim\/Main,<\/p>\n<p>Telefon: 0 93 81 \/ 12 30, email: info@braunwein.de<\/p>\n<\/div>\n<div class=\"art-layout-cell layout-item-2\" style=\"width: 50%;\"><\/div>\n<\/div>\n<\/div>\n","protected":false},"excerpt":{"rendered":"<p>Herzlich Willkommen! Lust auf Genuss, auf Lebensfreude, Wohlgef\u00fchl und Gastlichkeit? &#8211; Dann sind Sie bei uns genau richtig! Genie\u00dfen Sie unsere Weine, denn Wein wird &hellip;<\/p>\n","protected":false},"author":3,"featured_media":0,"parent":0,"menu_order":1,"comment_status":"closed","ping_status":"closed","template":"","meta":{"footnotes":""},"class_list":["post-78","page","type-page","status-publish","hentry"],"_links":{"self":[{"href":"https:\/\/braunwein.de\/index.php?rest_route=\/wp\/v2\/pages\/78","targetHints":{"allow":["GET"]}}],"collection":[{"href":"https:\/\/braunwein.de\/index.php?rest_route=\/wp\/v2\/pages"}],"about":[{"href":"https:\/\/braunwein.de\/index.php?rest_route=\/wp\/v2\/types\/page"}],"author":[{"embeddable":true,"href":"https:\/\/braunwein.de\/index.php?rest_route=\/wp\/v2\/users\/3"}],"replies":[{"embeddable":true,"href":"https:\/\/braunwein.de\/index.php?rest_route=%2Fwp%2Fv2%2Fcomments&post=78"}],"version-history":[{"count":6,"href":"https:\/\/braunwein.de\/index.php?rest_route=\/wp\/v2\/pages\/78\/revisions"}],"predecessor-version":[{"id":791,"href":"https:\/\/braunwein.de\/index.php?rest_route=\/wp\/v2\/pages\/78\/revisions\/791"}],"wp:attachment":[{"href":"https:\/\/braunwein.de\/index.php?rest_route=%2Fwp%2Fv2%2Fmedia&parent=78"}],"curies":[{"name":"wp","href":"https:\/\/api.w.org\/{rel}","templated":true}]}}