{"id":80,"date":"2019-11-25T23:29:54","date_gmt":"2019-11-25T22:29:54","guid":{"rendered":"https:\/\/braunwein.de\/weingut-2\/weine\/"},"modified":"2023-08-20T17:35:14","modified_gmt":"2023-08-20T15:35:14","slug":"weine","status":"publish","type":"page","link":"https:\/\/braunwein.de\/?page_id=80","title":{"rendered":"Weine"},"content":{"rendered":"<div class=\"art-content-layout-wrapper layout-item-0\">\n<div class=\"art-content-layout layout-item-1\">\n<div class=\"art-content-layout-row\">\n<div class=\"art-layout-cell layout-item-2\" style=\"width: 100%;\">\n<h3>Weine<\/h3>\n<\/div>\n<\/div>\n<\/div>\n<\/div>\n<div class=\"art-content-layout-wrapper layout-item-0\">\n<div class=\"art-content-layout layout-item-1\">\n<div class=\"art-content-layout-row\">\n<div class=\"art-layout-cell layout-item-3\" style=\"width: 100%;\">\n<p><span style=\"font-size: 16px; font-style: italic;\">Der Wein &#8211; ein Genuss f\u00fcr die Sinne<\/span><\/p>\n<p>Wir m\u00f6chten f\u00fcr unsere Kunden ein hochwertiges Produkt, das einhergeht mit Lebensqualit\u00e4t, erzeugen. Wein hat mit Laune und Gef\u00fchl zu tun. Wein ist ein Erlebnis und soll Ihnen beim Genuss Freude und Spa\u00df vermitteln.<\/p>\n<p>Entdecken Sie die Vielfalt unserer Weine, denn jede Sorte, jeder Jahrgang hat seinen eigenen Charakter. Ein gutes Glas Wein zum Essen, eine Flasche f\u00fcr gem\u00fctliche Stunden, der Wein f\u00fcr ganz besondere Anl\u00e4sse. Sicher finden auch Sie hier den passenden Wein.<\/p>\n<p>Gerne beraten wir unsere Kunden und Weinfreunde pers\u00f6nlich bei ihrer Weinauswahl. Wir bitten Sie jedoch uns kurz telefonisch Bescheid zu geben, damit ihr Weg zu uns nicht umsonst ist.<\/p>\n<\/div>\n<\/div>\n<\/div>\n<\/div>\n<div class=\"art-content-layout-wrapper layout-item-0\">\n<div class=\"art-content-layout\">\n<div class=\"art-content-layout-row\">\n<div class=\"art-layout-cell layout-item-4\" style=\"width: 33%;\">\n<h3 style=\"border-bottom: 1px solid #777777; padding-bottom: 5px;\">Wei\u00dfweine<\/h3>\n<div class=\"image-caption-wrapper\" style=\"width: 100%;\"><img fetchpriority=\"high\" decoding=\"async\" class=\"art-lightbox\" style=\"margin: 7px; border: 1px solid #a9ac9e;\" src=\"https:\/\/braunwein.de\/wp-content\/uploads\/2019\/11\/5a747f2a-c19b-499f-a720-1aece3d860e6.png\" alt=\"\" width=\"274\" height=\"186\" \/><\/div>\n<p>Silvaner, M\u00fcller-Thurgau, Bacchus, Riesling, Kerner, Scheurebe, Rieslaner, Chardonnay, Grauburgunder, Wei\u00dfburgunder, Sauvignon Blanc und Sch\u00f6nburger<\/p>\n<\/div>\n<div class=\"art-layout-cell layout-item-4\" style=\"width: 34%;\">\n<h3 style=\"border-bottom: 1px solid #777777; padding-bottom: 5px;\">Rotweine<\/h3>\n<div class=\"image-caption-wrapper\" style=\"width: 100%;\"><img decoding=\"async\" class=\"art-lightbox\" style=\"margin: 7px; border: 1px solid #a9ac9e;\" src=\"https:\/\/braunwein.de\/wp-content\/uploads\/2019\/11\/2a7128c1-c7c2-4a30-98a0-ae635749c259.png\" alt=\"\" width=\"284\" height=\"192\" \/><\/div>\n<p>Domina, Sp\u00e4tburgunder, Portugieser, Dornfelder, Acolon und Cabernet Dorsa<\/p>\n<\/div>\n<div class=\"art-layout-cell layout-item-3\" style=\"width: 33%;\">\n<h3 style=\"border-bottom: 1px solid #777777; padding-bottom: 5px;\">Prickelndes<\/h3>\n<div class=\"image-caption-wrapper\" style=\"width: 100%;\"><img decoding=\"async\" class=\"art-lightbox\" style=\"margin: 10px; border: 1px solid #a9ac9e;\" src=\"https:\/\/braunwein.de\/wp-content\/uploads\/2019\/11\/9070f324-6708-4827-8b56-05af4be0b781.png\" alt=\"\" width=\"266\" height=\"180\" \/><\/div>\n<p>Secco wei\u00df und rot, RED PEARL &#8211; unser Frucht-Secco-Cocktail, Sommerschorle<\/p>\n<p>sowie<\/p>\n<p>Silvanersekt und Dominasekt<\/p>\n<\/div>\n<\/div>\n<\/div>\n<\/div>\n","protected":false},"excerpt":{"rendered":"<p>Weine Der Wein &#8211; ein Genuss f\u00fcr die Sinne Wir m\u00f6chten f\u00fcr unsere Kunden ein hochwertiges Produkt, das einhergeht mit Lebensqualit\u00e4t, erzeugen. Wein hat mit &hellip;<\/p>\n","protected":false},"author":3,"featured_media":0,"parent":79,"menu_order":3,"comment_status":"closed","ping_status":"closed","template":"","meta":{"footnotes":""},"class_list":["post-80","page","type-page","status-publish","hentry"],"_links":{"self":[{"href":"https:\/\/braunwein.de\/index.php?rest_route=\/wp\/v2\/pages\/80","targetHints":{"allow":["GET"]}}],"collection":[{"href":"https:\/\/braunwein.de\/index.php?rest_route=\/wp\/v2\/pages"}],"about":[{"href":"https:\/\/braunwein.de\/index.php?rest_route=\/wp\/v2\/types\/page"}],"author":[{"embeddable":true,"href":"https:\/\/braunwein.de\/index.php?rest_route=\/wp\/v2\/users\/3"}],"replies":[{"embeddable":true,"href":"https:\/\/braunwein.de\/index.php?rest_route=%2Fwp%2Fv2%2Fcomments&post=80"}],"version-history":[{"count":6,"href":"https:\/\/braunwein.de\/index.php?rest_route=\/wp\/v2\/pages\/80\/revisions"}],"predecessor-version":[{"id":427,"href":"https:\/\/braunwein.de\/index.php?rest_route=\/wp\/v2\/pages\/80\/revisions\/427"}],"up":[{"embeddable":true,"href":"https:\/\/braunwein.de\/index.php?rest_route=\/wp\/v2\/pages\/79"}],"wp:attachment":[{"href":"https:\/\/braunwein.de\/index.php?rest_route=%2Fwp%2Fv2%2Fmedia&parent=80"}],"curies":[{"name":"wp","href":"https:\/\/api.w.org\/{rel}","templated":true}]}}