{"id":84,"date":"2019-11-25T23:29:58","date_gmt":"2019-11-25T22:29:58","guid":{"rendered":"https:\/\/braunwein.de\/gastezimmer\/unsere-zimmer\/"},"modified":"2020-05-21T22:57:01","modified_gmt":"2020-05-21T20:57:01","slug":"unsere-zimmer","status":"publish","type":"page","link":"https:\/\/braunwein.de\/?page_id=84","title":{"rendered":"G\u00e4stezimmer \u00dcbersicht"},"content":{"rendered":"<div class=\"art-content-layout\">\n<div class=\"art-content-layout-row\">\n<div class=\"art-layout-cell layout-item-0\" style=\"width: 100%;\">\n<h3>G\u00e4stezimmer<\/h3>\n<\/div>\n<\/div>\n<\/div>\n<div class=\"art-content-layout\">\n<div class=\"art-content-layout-row\">\n<div class=\"art-layout-cell\" style=\"width: 100%;\">\n<p><span style=\"color: #363636; font-size: 16px; font-style: italic;\">Seien Sie uns Herzlich Willkommen!<\/span><\/p>\n<\/div>\n<\/div>\n<\/div>\n<div class=\"art-content-layout\">\n<div class=\"art-content-layout-row\">\n<div class=\"art-layout-cell layout-item-1\" style=\"width: 100%;\">\n<p><span style=\"font-weight: bold;\"><span style=\"color: #363636;\">Doppelzimmer<\/span> <span style=\"font-size: 16px; color: #3d9c26;\">&#8222;Fr\u00fchlingserwachen&#8220;<\/span><\/span><\/p>\n<p><span style=\"color: #0d0d0d;\">ausgestattet mit DU\/WC, F\u00f6hn, Handtuch-Heizk\u00f6rper, Sitzecke und Flat-TV<\/span><\/p>\n<p style=\"text-align: left;\"><img decoding=\"async\" class=\"art-lightbox\" src=\"https:\/\/braunwein.de\/wp-content\/uploads\/2019\/11\/Fr\u00fchling1.jpg\" alt=\"\" width=\"250\" height=\"187\" \/><img fetchpriority=\"high\" decoding=\"async\" class=\"art-lightbox\" src=\"https:\/\/braunwein.de\/wp-content\/uploads\/2019\/11\/Fr\u00fchling.jpg\" alt=\"\" width=\"280\" height=\"186\" \/><img decoding=\"async\" class=\"art-lightbox\" src=\"https:\/\/braunwein.de\/wp-content\/uploads\/2019\/11\/Fr\u00fchling2-2.jpg\" alt=\"\" width=\"279\" height=\"186\" \/><img loading=\"lazy\" decoding=\"async\" class=\"art-lightbox\" src=\"https:\/\/braunwein.de\/wp-content\/uploads\/2019\/11\/Fr\u00fchling3.jpg\" alt=\"\" width=\"279\" height=\"186\" \/><img loading=\"lazy\" decoding=\"async\" class=\"art-lightbox\" src=\"https:\/\/braunwein.de\/wp-content\/uploads\/2019\/11\/Fr\u00fchling_Bad4.jpg\" alt=\"\" width=\"279\" height=\"186\" \/>\u00a0\u00a0<a class=\"art-button\" href=\"https:\/\/tbooking.toubiz.de\/GER00020060521183875\/tbooking?globalReset=1\">Verf\u00fcgbarkeit und Buchen<\/a><\/p>\n<\/div>\n<\/div>\n<\/div>\n<div class=\"art-content-layout\">\n<div class=\"art-content-layout-row\">\n<div class=\"art-layout-cell layout-item-2\" style=\"width: 100%;\">\n<p><span style=\"font-weight: bold; color: #363636;\">Doppelzimmer <span style=\"font-size: 16px; color: #e0ab1a;\">&#8222;Sommern\u00e4chte&#8220;<\/span><\/span><\/p>\n<p><span style=\"color: #0d0d0d;\">ausgestattet mit DU\/WC, F\u00f6hn, Handtuch-Heizk\u00f6rper, Sitzecke und Flat-TV<\/span><\/p>\n<p><img loading=\"lazy\" decoding=\"async\" class=\"art-lightbox\" src=\"https:\/\/braunwein.de\/wp-content\/uploads\/2019\/11\/Sommer3.jpg\" alt=\"\" width=\"279\" height=\"186\" \/><img loading=\"lazy\" decoding=\"async\" class=\"art-lightbox\" src=\"https:\/\/braunwein.de\/wp-content\/uploads\/2019\/11\/Sommer1-2.jpg\" alt=\"\" width=\"279\" height=\"186\" \/><img loading=\"lazy\" decoding=\"async\" class=\"art-lightbox\" src=\"https:\/\/braunwein.de\/wp-content\/uploads\/2019\/11\/Sommer2.jpg\" alt=\"\" width=\"279\" height=\"186\" \/><img loading=\"lazy\" decoding=\"async\" class=\"art-lightbox\" src=\"https:\/\/braunwein.de\/wp-content\/uploads\/2019\/11\/Sommer4.jpg\" alt=\"\" width=\"279\" height=\"186\" \/><span style=\"color: #181915;\"><a class=\"art-button\" href=\"https:\/\/tbooking.toubiz.de\/GER00020060521183875\/tbooking?globalReset=1\" target=\"_top\" rel=\"noopener noreferrer\">Verf\u00fcgbarkeit und Buchen<\/a><\/span><span style=\"color: #0d0d0d;\"><br \/>\n<\/span><\/p>\n<\/div>\n<\/div>\n<\/div>\n<div class=\"art-content-layout\">\n<div class=\"art-content-layout-row\">\n<div class=\"art-layout-cell layout-item-3\" style=\"width: 100%;\">\n<p><span style=\"font-weight: bold;\">1-Raum Appartment <span style=\"font-size: 16px; color: #cd7e23;\">&#8222;Herbsttr\u00e4ume&#8220;<\/span><\/span><\/p>\n<p><span style=\"color: #0d0d0d;\">ausgestattet mit DU\/WC, F\u00f6hn, Handtuch-Heizk\u00f6rper, Ess-Ecke, Flat-TV, kleiner K\u00fcchenzeile mit 2 Platten-Kochstelle, K\u00fchlschrank, Kaffeemaschine, Wasserkocher, Toaster, Geschirr\/Besteck, T\u00f6pfe<\/span><\/p>\n<p><img loading=\"lazy\" decoding=\"async\" class=\"art-lightbox\" src=\"https:\/\/braunwein.de\/wp-content\/uploads\/2019\/11\/Herbst_01_n.jpg\" alt=\"\" width=\"250\" height=\"187\" \/><img loading=\"lazy\" decoding=\"async\" class=\"art-lightbox\" src=\"https:\/\/braunwein.de\/wp-content\/uploads\/2019\/11\/Herbst_02_n1.jpg\" alt=\"\" width=\"279\" height=\"186\" \/><img loading=\"lazy\" decoding=\"async\" class=\"art-lightbox\" src=\"https:\/\/braunwein.de\/wp-content\/uploads\/2019\/11\/Herbst_03-2.jpg\" alt=\"\" width=\"279\" height=\"186\" \/><img loading=\"lazy\" decoding=\"async\" class=\"art-lightbox\" src=\"https:\/\/braunwein.de\/wp-content\/uploads\/2019\/11\/Herbst_K\u00fcche.jpg\" alt=\"\" width=\"166\" height=\"250\" \/><img loading=\"lazy\" decoding=\"async\" class=\"alignnone size-medium wp-image-197\" src=\"https:\/\/braunwein.de\/wp-content\/uploads\/2020\/05\/IMG_6750-300x225.jpg\" alt=\"\" width=\"300\" height=\"225\" srcset=\"https:\/\/braunwein.de\/wp-content\/uploads\/2020\/05\/IMG_6750-300x225.jpg 300w, https:\/\/braunwein.de\/wp-content\/uploads\/2020\/05\/IMG_6750-1024x768.jpg 1024w, https:\/\/braunwein.de\/wp-content\/uploads\/2020\/05\/IMG_6750-768x576.jpg 768w, https:\/\/braunwein.de\/wp-content\/uploads\/2020\/05\/IMG_6750-1536x1152.jpg 1536w, https:\/\/braunwein.de\/wp-content\/uploads\/2020\/05\/IMG_6750-2048x1536.jpg 2048w\" sizes=\"(max-width: 300px) 100vw, 300px\" \/><span style=\"color: #181915;\"><a class=\"art-button\" href=\"https:\/\/tbooking.toubiz.de\/GER00020060521183875\/tbooking?globalReset=1\" target=\"_parent\" rel=\"noopener noreferrer\">Verf\u00fcgbarkeit und Buchen<\/a><\/span><span style=\"color: #0d0d0d;\"><br \/>\n<\/span><\/p>\n<\/div>\n<\/div>\n<\/div>\n<div class=\"art-content-layout\">\n<div class=\"art-content-layout-row\">\n<div class=\"art-layout-cell layout-item-4\" style=\"width: 100%;\">\n<p>Bitte haben Sie Verst\u00e4ndnis daf\u00fcr, dass wir Ihnen <span style=\"text-decoration: underline;\">sonntags keinen Zimmerservice<\/span> anbieten k\u00f6nnen.<\/p>\n<p><span style=\"font-weight: bold;\">TIERE<\/span> sind in unseren Zimmern <span style=\"font-weight: bold;\">NICHT<\/span>\u00a0erlaubt.<\/p>\n<p>Unsere G\u00e4stezimmer sind <span style=\"font-weight: bold;\">NICHTRAUCHER<\/span>-Zimmer. In unserem Hof stehen Ihnen Aschenbecher zur Verf\u00fcgung.<\/p>\n<p>In unserem G\u00e4stek\u00fchlschrank halten wir gek\u00fchlte Weine, Wasser und Saftschorle f\u00fcr Sie bereit, so dass einem genussvollen Aufenthalt nichts im Wege steht.<\/p>\n<p>Anreise ab 14 Uhr &#8211;\u00a0Abreise bis 10 Uhr<\/p>\n<p>Au\u00dferhalb unserer Heckenwirtschafts-\u00d6ffnungszeiten stehen Ihnen auch die Sitzgelegenheiten in unserem Hof zur Verf\u00fcgung!<\/p>\n<p>F\u00fcr den Fall der F\u00e4lle, um Sie vor den finanziellen Folgen eines Nichtantritts oder Abbruchs Ihres Aufenthaltes in unseren G\u00e4stezimmern zu bewahren, empfehlen wir Ihnen den Abschluss einer <span style=\"text-decoration: underline;\">Reiser\u00fccktrittsversicherung<\/span>.<\/p>\n<p><img loading=\"lazy\" decoding=\"async\" class=\"art-lightbox\" src=\"https:\/\/braunwein.de\/wp-content\/uploads\/2019\/11\/Hof1.jpg\" alt=\"\" width=\"250\" height=\"166\" \/><img loading=\"lazy\" decoding=\"async\" class=\"art-lightbox\" src=\"https:\/\/braunwein.de\/wp-content\/uploads\/2019\/11\/Hof2.jpg\" alt=\"\" width=\"250\" height=\"166\" \/><\/p>\n<p><span style=\"font-size: 16px;\">Wir w\u00fcrden uns freuen, Sie als unsere G\u00e4ste begr\u00fc\u00dfen zu d\u00fcrfen!<\/span><\/p>\n<\/div>\n<\/div>\n<\/div>\n","protected":false},"excerpt":{"rendered":"<p>G\u00e4stezimmer Seien Sie uns Herzlich Willkommen! Doppelzimmer &#8222;Fr\u00fchlingserwachen&#8220; ausgestattet mit DU\/WC, F\u00f6hn, Handtuch-Heizk\u00f6rper, Sitzecke und Flat-TV \u00a0\u00a0Verf\u00fcgbarkeit und Buchen Doppelzimmer &#8222;Sommern\u00e4chte&#8220; ausgestattet mit DU\/WC, F\u00f6hn, &hellip;<\/p>\n","protected":false},"author":3,"featured_media":0,"parent":83,"menu_order":7,"comment_status":"closed","ping_status":"closed","template":"","meta":{"footnotes":""},"class_list":["post-84","page","type-page","status-publish","hentry"],"_links":{"self":[{"href":"https:\/\/braunwein.de\/index.php?rest_route=\/wp\/v2\/pages\/84","targetHints":{"allow":["GET"]}}],"collection":[{"href":"https:\/\/braunwein.de\/index.php?rest_route=\/wp\/v2\/pages"}],"about":[{"href":"https:\/\/braunwein.de\/index.php?rest_route=\/wp\/v2\/types\/page"}],"author":[{"embeddable":true,"href":"https:\/\/braunwein.de\/index.php?rest_route=\/wp\/v2\/users\/3"}],"replies":[{"embeddable":true,"href":"https:\/\/braunwein.de\/index.php?rest_route=%2Fwp%2Fv2%2Fcomments&post=84"}],"version-history":[{"count":2,"href":"https:\/\/braunwein.de\/index.php?rest_route=\/wp\/v2\/pages\/84\/revisions"}],"predecessor-version":[{"id":198,"href":"https:\/\/braunwein.de\/index.php?rest_route=\/wp\/v2\/pages\/84\/revisions\/198"}],"up":[{"embeddable":true,"href":"https:\/\/braunwein.de\/index.php?rest_route=\/wp\/v2\/pages\/83"}],"wp:attachment":[{"href":"https:\/\/braunwein.de\/index.php?rest_route=%2Fwp%2Fv2%2Fmedia&parent=84"}],"curies":[{"name":"wp","href":"https:\/\/api.w.org\/{rel}","templated":true}]}}