{"id":88,"date":"2019-11-25T23:30:02","date_gmt":"2019-11-25T22:30:02","guid":{"rendered":"https:\/\/braunwein.de\/new-page-2\/"},"modified":"2024-11-06T17:51:57","modified_gmt":"2024-11-06T16:51:57","slug":"new-page-2","status":"publish","type":"page","link":"https:\/\/braunwein.de\/?page_id=88","title":{"rendered":"Impressum"},"content":{"rendered":"<table border=\"0\" width=\"100%\">\n<tbody>\n<tr>\n<td align=\"right\" valign=\"top\">\n<table border=\"0\" width=\"100%\">\n<tbody>\n<tr>\n<td class=\"contentdescription\" valign=\"top\">Alle<br \/>hier verwendeten Namen, Begriffe, Zeichen und Grafiken k\u00f6nnen Marken-<br \/>oder Warenzeichen im Besitze ihrer rechtlichen Eigent\u00fcmer sein. Die<br \/>Rechte aller erw\u00e4hnten und benutzten Marken- und Warenzeichen liegen<br \/>ausschlie\u00dflich bei deren Besitzern.<\/td>\n<\/tr>\n<\/tbody>\n<\/table>\n<\/td>\n<\/tr>\n<tr>\n<td><span style=\"font-weight: bold;\">\u00a0<\/span><\/td>\n<\/tr>\n<tr>\n<td>\n<table border=\"0\" width=\"100%\">\n<tbody>\n<tr>\n<td align=\"left\"><strong>Rechtliche Angaben<\/strong><\/td>\n<\/tr>\n<tr>\n<td align=\"left\">Inhaltlich Verantwortlicher gem\u00e4\u00df TMG\n<p>\u00a0<\/p>\n<\/td>\n<\/tr>\n<\/tbody>\n<\/table>\n<\/td>\n<\/tr>\n<tr>\n<td>\n<table border=\"0\" width=\"100%\">\n<tbody>\n<tr>\n<td align=\"left\"><strong>Weitere Informationen<\/strong><\/td>\n<\/tr>\n<tr>\n<td align=\"left\" valign=\"top\"><a href=\"http:\/\/www.weingut-braun.com\/index.php\/impressum.html?view=nutzungsbedingungen\">Allg. Nutzungsbedingungen anzeigen<\/a><\/td>\n<\/tr>\n<tr>\n<td align=\"left\" valign=\"top\"><a href=\"http:\/\/www.weingut-braun.com\/index.php\/impressum.html?view=datenschutz\">Erkl\u00e4rung zum Datenschutz anzeigen<\/a><\/td>\n<\/tr>\n<\/tbody>\n<\/table>\n<\/td>\n<\/tr>\n<\/tbody>\n<\/table>\n<hr style=\"border: none; background-color: #bdbdbd; color: #bdbdbd; height: 1px;\" \/>\n<h4>Unsere Adresse<\/h4>\n<p>Weingut Karl Braun<br \/>Weinbergstra\u00dfe 42<\/p>\n<p>97334 Nordheim \/ Main<br \/>Telefon: 0 93 81 \/ 12 30<\/p>\n<p>Telefax: 0 93 81 \/ 84 70 60<\/p>\n<p>web:\u00a0<a href=\"#\">https:\/\/braunwein.de<\/a><br \/>Email:\u00a0<a href=\"#\">info@braunwein.de<\/a><\/p>\n\n\n<p><\/p>\n","protected":false},"excerpt":{"rendered":"<p>Allehier verwendeten Namen, Begriffe, Zeichen und Grafiken k\u00f6nnen Marken-oder Warenzeichen im Besitze ihrer rechtlichen Eigent\u00fcmer sein. DieRechte aller erw\u00e4hnten und benutzten Marken- und Warenzeichen liegenausschlie\u00dflich &hellip;<\/p>\n","protected":false},"author":3,"featured_media":0,"parent":0,"menu_order":11,"comment_status":"closed","ping_status":"closed","template":"","meta":{"footnotes":""},"class_list":["post-88","page","type-page","status-publish","hentry"],"_links":{"self":[{"href":"https:\/\/braunwein.de\/index.php?rest_route=\/wp\/v2\/pages\/88","targetHints":{"allow":["GET"]}}],"collection":[{"href":"https:\/\/braunwein.de\/index.php?rest_route=\/wp\/v2\/pages"}],"about":[{"href":"https:\/\/braunwein.de\/index.php?rest_route=\/wp\/v2\/types\/page"}],"author":[{"embeddable":true,"href":"https:\/\/braunwein.de\/index.php?rest_route=\/wp\/v2\/users\/3"}],"replies":[{"embeddable":true,"href":"https:\/\/braunwein.de\/index.php?rest_route=%2Fwp%2Fv2%2Fcomments&post=88"}],"version-history":[{"count":1,"href":"https:\/\/braunwein.de\/index.php?rest_route=\/wp\/v2\/pages\/88\/revisions"}],"predecessor-version":[{"id":534,"href":"https:\/\/braunwein.de\/index.php?rest_route=\/wp\/v2\/pages\/88\/revisions\/534"}],"wp:attachment":[{"href":"https:\/\/braunwein.de\/index.php?rest_route=%2Fwp%2Fv2%2Fmedia&parent=88"}],"curies":[{"name":"wp","href":"https:\/\/api.w.org\/{rel}","templated":true}]}}